{"id":805,"date":"2024-03-10T05:17:41","date_gmt":"2024-03-10T04:17:41","guid":{"rendered":"https:\/\/www.gavyp.sk\/dziala\/"},"modified":"2024-03-14T19:43:53","modified_gmt":"2024-03-14T18:43:53","slug":"dziala","status":"publish","type":"page","link":"https:\/\/www.gavyp.sk\/pl\/dziala\/","title":{"rendered":"Dzia\u0142a"},"content":{"rendered":"\t\t<div data-elementor-type=\"wp-page\" data-elementor-id=\"805\" class=\"elementor elementor-805 elementor-209\" data-elementor-post-type=\"page\">\n\t\t\t\t<div class=\"elementor-element elementor-element-2f1ab574 e-flex e-con-boxed e-con e-parent\" data-id=\"2f1ab574\" data-element_type=\"container\" data-e-type=\"container\" data-settings=\"{&quot;background_background&quot;:&quot;classic&quot;,&quot;shape_divider_bottom&quot;:&quot;waves&quot;}\">\n\t\t\t\t\t<div class=\"e-con-inner\">\n\t\t\t\t<div class=\"elementor-shape elementor-shape-bottom\" aria-hidden=\"true\" data-negative=\"false\">\n\t\t\t<svg xmlns=\"http:\/\/www.w3.org\/2000\/svg\" viewBox=\"0 0 1000 100\" preserveAspectRatio=\"none\">\n\t<path class=\"elementor-shape-fill\" d=\"M421.9,6.5c22.6-2.5,51.5,0.4,75.5,5.3c23.6,4.9,70.9,23.5,100.5,35.7c75.8,32.2,133.7,44.5,192.6,49.7\n\tc23.6,2.1,48.7,3.5,103.4-2.5c54.7-6,106.2-25.6,106.2-25.6V0H0v30.3c0,0,72,32.6,158.4,30.5c39.2-0.7,92.8-6.7,134-22.4\n\tc21.2-8.1,52.2-18.2,79.7-24.2C399.3,7.9,411.6,7.5,421.9,6.5z\"\/>\n<\/svg>\t\t<\/div>\n\t\t\t\t\t<\/div>\n\t\t\t\t<\/div>\n\t\t<div class=\"elementor-element elementor-element-bde769c e-flex e-con-boxed e-con e-parent\" data-id=\"bde769c\" data-element_type=\"container\" data-e-type=\"container\">\n\t\t\t\t\t<div class=\"e-con-inner\">\n\t\t<div class=\"elementor-element elementor-element-67773a5 e-con-full e-flex e-con e-child\" data-id=\"67773a5\" data-element_type=\"container\" data-e-type=\"container\">\n\t\t\t\t<div class=\"elementor-element elementor-element-c1ab930 elementor-widget elementor-widget-text-editor\" data-id=\"c1ab930\" data-element_type=\"widget\" data-e-type=\"widget\" data-widget_type=\"text-editor.default\">\n\t\t\t\t<div class=\"elementor-widget-container\">\n\t\t\t\t\t\t\t\t\t<div class=\"row-main in-viewport\">\n<div class=\"col col-1-12 grid-12-12\">\n<div class=\"block block-inline\" data-lb=\"region\" data-lb-id=\"sections.1.rows.0.columns.0.regions.0\">\n<div class=\"row-main in-viewport\">\n<div class=\"col col-1-12 grid-12-12\">\n<div class=\"block block-inline\" data-lb=\"region\" data-lb-id=\"sections.1.rows.0.columns.0.regions.0\"> <\/div>\n<\/div>\n<\/div>\n<div class=\"row-main in-viewport\">\n<div class=\"col col-2-12 grid-5-12\">\n<div class=\"block block-inline\" data-lb=\"region\" data-lb-id=\"sections.1.rows.3.columns.1.regions.0\">\n<ul>\n<li>Reprofilacja<\/li>\n<li>Korygowania<\/li>\n<li>Izolacja<\/li>\n<li>Nak\u0142adanie pow\u0142ok na konstrukcje betonowe i metalowe  <\/li>\n<li>Piaskowanie  <\/li>\n<\/ul>\n<\/div>\n<\/div>\n<div class=\"col col-7-12 grid-5-12\">\n<div class=\"block block-inline\" data-lb=\"region\" data-lb-id=\"sections.1.rows.3.columns.2.regions.0\"> <\/div>\n<\/div>\n<\/div>\n<\/div>\n<\/div>\n<\/div>\n\t\t\t\t\t\t\t\t<\/div>\n\t\t\t\t<\/div>\n\t\t\t\t<\/div>\n\t\t<div class=\"elementor-element elementor-element-0b4d149 e-con-full e-flex e-con e-child\" data-id=\"0b4d149\" data-element_type=\"container\" data-e-type=\"container\">\n\t\t\t\t<div class=\"elementor-element elementor-element-4e778e9 elementor-widget elementor-widget-text-editor\" data-id=\"4e778e9\" data-element_type=\"widget\" data-e-type=\"widget\" data-widget_type=\"text-editor.default\">\n\t\t\t\t<div class=\"elementor-widget-container\">\n\t\t\t\t\t\t\t\t\t<div class=\"row-main in-viewport\">\n<div class=\"col col-1-12 grid-12-12\">\n<div class=\"block block-inline\" data-lb=\"region\" data-lb-id=\"sections.1.rows.0.columns.0.regions.0\">\n<ul>\n<li>monta\u017c konstrukcji stalowych<\/li>\n<li>remonty i przebudowy dr\u00f3g transportowych i serwisowych<\/li>\n<li>naprawa i podlewanie \u0142o\u017cysk mostowych<\/li>\n<li>uszczelnianie szczelin dylatacyjnych i roboczych<\/li>\n<li>obr\u00f3bka strumieniowo-\u015bcierna VVL 250 &#8211; 2000bar<\/li>\n<\/ul>\n<\/div>\n<\/div>\n<\/div>\n\t\t\t\t\t\t\t\t<\/div>\n\t\t\t\t<\/div>\n\t\t\t\t<\/div>\n\t\t\t\t\t<\/div>\n\t\t\t\t<\/div>\n\t\t\t\t<\/div>\n\t\t","protected":false},"excerpt":{"rendered":"<p>Reprofilacja Korygowania Izolacja Nak\u0142adanie pow\u0142ok na konstrukcje betonowe i metalowe Piaskowanie monta\u017c konstrukcji stalowych remonty i przebudowy dr\u00f3g transportowych i serwisowych naprawa i podlewanie \u0142o\u017cysk mostowych uszczelnianie szczelin dylatacyjnych i roboczych obr\u00f3bka strumieniowo-\u015bcierna VVL 250 &#8211; 2000bar<\/p>\n","protected":false},"author":1,"featured_media":0,"parent":0,"menu_order":0,"comment_status":"closed","ping_status":"closed","template":"elementor_header_footer","meta":{"footnotes":""},"class_list":["post-805","page","type-page","status-publish","hentry"],"_links":{"self":[{"href":"https:\/\/www.gavyp.sk\/pl\/wp-json\/wp\/v2\/pages\/805","targetHints":{"allow":["GET"]}}],"collection":[{"href":"https:\/\/www.gavyp.sk\/pl\/wp-json\/wp\/v2\/pages"}],"about":[{"href":"https:\/\/www.gavyp.sk\/pl\/wp-json\/wp\/v2\/types\/page"}],"author":[{"embeddable":true,"href":"https:\/\/www.gavyp.sk\/pl\/wp-json\/wp\/v2\/users\/1"}],"replies":[{"embeddable":true,"href":"https:\/\/www.gavyp.sk\/pl\/wp-json\/wp\/v2\/comments?post=805"}],"version-history":[{"count":2,"href":"https:\/\/www.gavyp.sk\/pl\/wp-json\/wp\/v2\/pages\/805\/revisions"}],"predecessor-version":[{"id":939,"href":"https:\/\/www.gavyp.sk\/pl\/wp-json\/wp\/v2\/pages\/805\/revisions\/939"}],"wp:attachment":[{"href":"https:\/\/www.gavyp.sk\/pl\/wp-json\/wp\/v2\/media?parent=805"}],"curies":[{"name":"wp","href":"https:\/\/api.w.org\/{rel}","templated":true}]}}