{"id":810,"date":"2024-03-10T05:03:54","date_gmt":"2024-03-10T04:03:54","guid":{"rendered":"https:\/\/www.gavyp.sk\/odwolania\/"},"modified":"2026-02-02T20:44:12","modified_gmt":"2026-02-02T19:44:12","slug":"odwolania","status":"publish","type":"page","link":"https:\/\/www.gavyp.sk\/pl\/odwolania\/","title":{"rendered":"Odwo\u0142ania"},"content":{"rendered":"\t\t<div data-elementor-type=\"wp-page\" data-elementor-id=\"810\" class=\"elementor elementor-810 elementor-100\" data-elementor-post-type=\"page\">\n\t\t\t\t<div class=\"elementor-element elementor-element-5cb92b9 e-flex e-con-boxed e-con e-parent\" data-id=\"5cb92b9\" data-element_type=\"container\" data-e-type=\"container\" data-settings=\"{&quot;background_background&quot;:&quot;classic&quot;,&quot;shape_divider_bottom&quot;:&quot;waves&quot;}\">\n\t\t\t\t\t<div class=\"e-con-inner\">\n\t\t\t\t<div class=\"elementor-shape elementor-shape-bottom\" aria-hidden=\"true\" data-negative=\"false\">\n\t\t\t<svg xmlns=\"http:\/\/www.w3.org\/2000\/svg\" viewBox=\"0 0 1000 100\" preserveAspectRatio=\"none\">\n\t<path class=\"elementor-shape-fill\" d=\"M421.9,6.5c22.6-2.5,51.5,0.4,75.5,5.3c23.6,4.9,70.9,23.5,100.5,35.7c75.8,32.2,133.7,44.5,192.6,49.7\n\tc23.6,2.1,48.7,3.5,103.4-2.5c54.7-6,106.2-25.6,106.2-25.6V0H0v30.3c0,0,72,32.6,158.4,30.5c39.2-0.7,92.8-6.7,134-22.4\n\tc21.2-8.1,52.2-18.2,79.7-24.2C399.3,7.9,411.6,7.5,421.9,6.5z\"\/>\n<\/svg>\t\t<\/div>\n\t\t\t\t<div class=\"elementor-element elementor-element-faffc5d elementor-widget elementor-widget-heading\" data-id=\"faffc5d\" data-element_type=\"widget\" data-e-type=\"widget\" data-widget_type=\"heading.default\">\n\t\t\t\t<div class=\"elementor-widget-container\">\n\t\t\t\t\t<h1 class=\"elementor-heading-title elementor-size-default\">Odwo\u0142ania<\/h1>\t\t\t\t<\/div>\n\t\t\t\t<\/div>\n\t\t\t\t\t<\/div>\n\t\t\t\t<\/div>\n\t\t<div class=\"elementor-element elementor-element-01bdf16 e-flex e-con-boxed e-con e-parent\" data-id=\"01bdf16\" data-element_type=\"container\" data-e-type=\"container\">\n\t\t\t\t\t<div class=\"e-con-inner\">\n\t\t\t\t<div class=\"elementor-element elementor-element-94061ec elementor-widget elementor-widget-text-editor\" data-id=\"94061ec\" data-element_type=\"widget\" data-e-type=\"widget\" data-widget_type=\"text-editor.default\">\n\t\t\t\t<div class=\"elementor-widget-container\">\n\t\t\t\t\t\t\t\t\t<p>2025 &#8222;Naprawa \u015bwietlik\u00f3w &#8211; TATRATRUCKS Kop\u0159ivnice&#8221;<\/p><p>2025 &#8222;Prace na wysoko\u015bci podczas rozbi\u00f3rki komina +80m &#8211; Fr\u00fddek M\u00edstek&#8221;<\/p><p>2024 &#8222;\u015arutowanie, remediacja i pow\u0142oka ochronna konstrukcji no\u015bnej mostu &#8211; Liptovsk\u00e1 Osada&#8221;<\/p><p>2024\/2025 &#8222;Remediacja konstrukcji &#8211; WWTP Tur\u00e1 L\u00faka&#8221;<\/p><p>2024 &#8222;Monta\u017c i izolacja \u015bwietlik\u00f3w przemys\u0142owych &#8211; ASN Metal, Nov\u00e9 Z\u00e1mky&#8221;<\/p><p>2023 &#8222;Budowa szybu \u016001 &#8211; kot\u0142ownia Prievidza&#8221;<\/p><p>2023 &#8222;Sanityzacja komina z bloczk\u00f3w \u017celbetowych +80m &#8211; Tren\u010dianske Teplice&#8221;<\/p><p>2023 &#8222;Sanitacja komina z bloczk\u00f3w \u017celbetowych HBH +120m &#8211; Handlov\u00e1&#8221;<\/p><p>2023 &#8222;wymiana 2 sztuk \u015bwietlik\u00f3w dachowych w magazynie HARD &#8211; Pivovar \u0160ari\u0161&#8221;<\/p><p>2023 &#8222;przygotowanie pod\u0142o\u017ca &#8211; V\u00daB Bratys\u0142awa&#8221;<\/p><p>2023 &#8222;naprawa dylatacji obiekt\u00f3w i rynien &#8211; NBS Bratys\u0142awa&#8221;<\/p><p>2023 &#8222;wykonanie fundament\u00f3w pod konstrukcje stalowe &#8211; Kopalnia ciep\u0142ownictwa C\u00edge\u013e &#8211; Prievidza&#8221;<\/p><p>2023 &#8222;Rozbudowa fundamentu pod kompensatory pionowe do projektu &#8211; Podajnik ciep\u0142a Ba\u0148a C\u00edge\u013e &#8211; Prievidza&#8221;<\/p><p>2023 &#8222;przygotowanie pod\u0142o\u017ca zbiornik\u00f3w retencyjnych PTCHEM Sulfurex German &#8211; Dubov\u00e1&#8221;<\/p><p>2023 &#8222;Wymiana \u015bwietlika dachowego &#8211; Browar \u0160ari\u0161&#8221;<\/p><p>2023 &#8222;Obszywanie hali za pomoc\u0105 techniki wspinaczkowej &#8211; Volkswagen Bratys\u0142awa&#8221;<\/p><p>2023 &#8222;przygotowanie pod\u0142o\u017ca pod system lodowy Ucrete &#8211; EVONIC Slovensk\u00e1 \u013dup\u010da&#8221;<\/p><p>2023 &#8222;Czyszczenie i malowanie konstrukcji stalowych &#8211; IKEA Malacky&#8221;<\/p><p>2023 &#8222;Monta\u017c poliw\u0119glanu za pomoc\u0105 sprz\u0119tu alpinistycznego &#8211; Elektrownia Wodna Kr\u00e1\u013eov\u00e1&#8221;<\/p><p>2023 &#8222;Ca\u0142kowity demonta\u017c konstrukcji stalowej nad bram\u0105 wjazdow\u0105 &#8211; (Ba\u0165ove Z\u00e1vody) Partiz\u00e1nske &#8222;<\/p><p>2023 &#8222;Naprawa uszkodzonych cz\u0119\u015bci elewacji przy u\u017cyciu sprz\u0119tu alpinistycznego &#8211; Honeywell Partiz\u00e1nske&#8221;<\/p><p>2022 &#8222;Naprawa stanu awaryjnego komina przemys\u0142owego \/ sporz\u0105dzenie protoko\u0142u z przegl\u0105du &#8211; Pova\u017esk\u00e1 Bystrica&#8221;<\/p><p>2022 &#8222;Wymiana \u015bwietlika dachowego &#8211; Browar \u0160ari\u0161&#8221;<\/p><p>2022 &#8222;Wymiana o\u015bwietlenia budynku &#8211; Browar \u0160ari\u0161&#8221;<\/p><p>2022 &#8222;Kompletna przebudowa k\u0142adki dla pieszych i rowerzyst\u00f3w &#8211; Partiz\u00e1nske \u0160\u00edpok&#8221;<\/p><p>2022 &#8222;\u015arutowanie i rekultywacja konstrukcji &#8211; \u017dSR Bratys\u0142awa &#8211; Lama\u010d&#8221;<\/p><p>2022 &#8222;Rozbi\u00f3rka komina w szpitalu &#8211; Pova\u017esk\u00e1 Bystrica&#8221;<\/p><p>2022 &#8222;Wymiana przeszklenia s\u0142odowni &#8211; Pivovar \u0160ari\u0161&#8221;<\/p><p>2019\/2023 &#8222;Innowacja i modernizacja zamk\u00f3w VD &#8211; Gab\u010d\u00edkovo&#8221;<\/p><p>2021 &#8222;Odnowienie pow\u0142oki przeciwporostowej elektrowni wodnej Nosice&#8221;<\/p><p>2021 &#8222;Przebudowa powierzchni manipulacyjnych Fortischem, a.s.&#8221;<\/p><p>2021 &#8222;Naprawa i podlewanie mostu \u0142o\u017cyskowego 220 &#8211; D4R7&#8221;<\/p><p>2021 &#8222;Przebudowa \u015bwietlik\u00f3w dachowych w budynku ANTEC, s.r.o. Rozwa\u017cane&#8221;<\/p><p>2021 &#8222;Demonta\u017c konstrukcji stalowej si\u0142 Gbely&#8221;<\/p><p>2021 &#8222;Szlifowanie i renowacja gzyms\u00f3w na mostach w kierunku Nov\u00e1ky &#8211; Prievidza&#8221;<\/p><p>2021 &#8222;Remont obwodnicy Martina&#8221;<\/p><p>2021 &#8222;Malowanie maszt\u00f3w na stacji elektroenergetycznej Gab\u010d\u00edkovo&#8221;<\/p><p>2021 &#8222;Wymiana i monta\u017c baner\u00f3w reklamowych &#8211; mosty w kierunku Nov\u00e1ky &#8211; Prievidza&#8221;<\/p><p>2021 &#8222;Naprawa i uszczelnianie szczelin dylatacyjnych NIDO 2 &#8211; Bratys\u0142awa&#8221;<\/p><p>2021 &#8222;Przebudowa, malowanie oznakowania lotniczego, zamkni\u0119cie kana\u0142\u00f3w spalinowych, naprawa \u017celiwnej g\u0142owicy, wymiana piorunochronu i wymiana o\u015bwietlenia lotniczego 140m KVARTET, a.s. &#8211; Partiz\u00e1nske&#8221;<\/p><p>2021 &#8222;Naprawa i monta\u017c rury Xella Slovakia &#8211; Zemianske Kosto\u013eany&#8221;<\/p><p>2021 &#8222;Instalacja piorunochronu, remediacja komina 100m zak\u0142ad karbit Fortischem, a.s. &#8222;<\/p><p>2020 &#8222;Naprawa gzyms\u00f3w, rynien i pokry\u0107 dachowych &#8211; SVB i NP dom 1374 Prievidza&#8221;<\/p><p>2020 &#8222;Monta\u017c uziemienia konstrukcji stalowej z wykorzystaniem techniki alpinistycznej &#8211; Slovnaft Bratislava&#8221;<\/p>\t\t\t\t\t\t\t\t<\/div>\n\t\t\t\t<\/div>\n\t\t\t\t\t<\/div>\n\t\t\t\t<\/div>\n\t\t\t\t<\/div>\n\t\t","protected":false},"excerpt":{"rendered":"<p>Odwo\u0142ania 2025 &#8222;Naprawa \u015bwietlik\u00f3w &#8211; TATRATRUCKS Kop\u0159ivnice&#8221; 2025 &#8222;Prace na wysoko\u015bci podczas rozbi\u00f3rki komina +80m &#8211; Fr\u00fddek M\u00edstek&#8221; 2024 &#8222;\u015arutowanie, remediacja i pow\u0142oka ochronna konstrukcji no\u015bnej mostu &#8211; Liptovsk\u00e1 Osada&#8221; 2024\/2025 &#8222;Remediacja konstrukcji &#8211; WWTP Tur\u00e1 L\u00faka&#8221; 2024 &#8222;Monta\u017c i izolacja \u015bwietlik\u00f3w przemys\u0142owych &#8211; ASN Metal, Nov\u00e9 Z\u00e1mky&#8221; 2023 &#8222;Budowa szybu \u016001 &#8211; kot\u0142ownia Prievidza&#8221; [&hellip;]<\/p>\n","protected":false},"author":1,"featured_media":0,"parent":0,"menu_order":0,"comment_status":"closed","ping_status":"closed","template":"elementor_header_footer","meta":{"footnotes":""},"class_list":["post-810","page","type-page","status-publish","hentry"],"_links":{"self":[{"href":"https:\/\/www.gavyp.sk\/pl\/wp-json\/wp\/v2\/pages\/810","targetHints":{"allow":["GET"]}}],"collection":[{"href":"https:\/\/www.gavyp.sk\/pl\/wp-json\/wp\/v2\/pages"}],"about":[{"href":"https:\/\/www.gavyp.sk\/pl\/wp-json\/wp\/v2\/types\/page"}],"author":[{"embeddable":true,"href":"https:\/\/www.gavyp.sk\/pl\/wp-json\/wp\/v2\/users\/1"}],"replies":[{"embeddable":true,"href":"https:\/\/www.gavyp.sk\/pl\/wp-json\/wp\/v2\/comments?post=810"}],"version-history":[{"count":5,"href":"https:\/\/www.gavyp.sk\/pl\/wp-json\/wp\/v2\/pages\/810\/revisions"}],"predecessor-version":[{"id":1051,"href":"https:\/\/www.gavyp.sk\/pl\/wp-json\/wp\/v2\/pages\/810\/revisions\/1051"}],"wp:attachment":[{"href":"https:\/\/www.gavyp.sk\/pl\/wp-json\/wp\/v2\/media?parent=810"}],"curies":[{"name":"wp","href":"https:\/\/api.w.org\/{rel}","templated":true}]}}