{"id":833,"date":"2024-03-10T05:17:26","date_gmt":"2024-03-10T04:17:26","guid":{"rendered":"https:\/\/www.gavyp.sk\/rozbiorka\/"},"modified":"2024-03-14T19:44:01","modified_gmt":"2024-03-14T18:44:01","slug":"rozbiorka","status":"publish","type":"page","link":"https:\/\/www.gavyp.sk\/pl\/rozbiorka\/","title":{"rendered":"Rozbi\u00f3rka"},"content":{"rendered":"\t\t<div data-elementor-type=\"wp-page\" data-elementor-id=\"833\" class=\"elementor elementor-833 elementor-207\" data-elementor-post-type=\"page\">\n\t\t\t\t<div class=\"elementor-element elementor-element-195543b6 e-flex e-con-boxed e-con e-parent\" data-id=\"195543b6\" data-element_type=\"container\" data-e-type=\"container\" data-settings=\"{&quot;background_background&quot;:&quot;classic&quot;,&quot;shape_divider_bottom&quot;:&quot;waves&quot;}\">\n\t\t\t\t\t<div class=\"e-con-inner\">\n\t\t\t\t<div class=\"elementor-shape elementor-shape-bottom\" aria-hidden=\"true\" data-negative=\"false\">\n\t\t\t<svg xmlns=\"http:\/\/www.w3.org\/2000\/svg\" viewBox=\"0 0 1000 100\" preserveAspectRatio=\"none\">\n\t<path class=\"elementor-shape-fill\" d=\"M421.9,6.5c22.6-2.5,51.5,0.4,75.5,5.3c23.6,4.9,70.9,23.5,100.5,35.7c75.8,32.2,133.7,44.5,192.6,49.7\n\tc23.6,2.1,48.7,3.5,103.4-2.5c54.7-6,106.2-25.6,106.2-25.6V0H0v30.3c0,0,72,32.6,158.4,30.5c39.2-0.7,92.8-6.7,134-22.4\n\tc21.2-8.1,52.2-18.2,79.7-24.2C399.3,7.9,411.6,7.5,421.9,6.5z\"\/>\n<\/svg>\t\t<\/div>\n\t\t\t\t\t<\/div>\n\t\t\t\t<\/div>\n\t\t<div class=\"elementor-element elementor-element-b8f918a e-flex e-con-boxed e-con e-parent\" data-id=\"b8f918a\" data-element_type=\"container\" data-e-type=\"container\">\n\t\t\t\t\t<div class=\"e-con-inner\">\n\t\t<div class=\"elementor-element elementor-element-5b10684 e-con-full e-flex e-con e-child\" data-id=\"5b10684\" data-element_type=\"container\" data-e-type=\"container\">\n\t\t\t\t<div class=\"elementor-element elementor-element-494c46a elementor-widget elementor-widget-text-editor\" data-id=\"494c46a\" data-element_type=\"widget\" data-e-type=\"widget\" data-widget_type=\"text-editor.default\">\n\t\t\t\t<div class=\"elementor-widget-container\">\n\t\t\t\t\t\t\t\t\t<div class=\"row-main in-viewport\">\n<div class=\"col col-1-12 grid-12-12\">\n<div class=\"block block-inline\" data-lb=\"region\" data-lb-id=\"sections.1.rows.0.columns.0.regions.0\">\n<h2 class=\"center\"><span style=\"font-size: 16px;\">Prace rozbi\u00f3rkowe wykonujemy jako us\u0142ug\u0119 kompleksow\u0105. Skupiamy si\u0119 na najbardziej wymagaj\u0105cych i ryzykownych wyburzeniach wi\u0119kszych budynk\u00f3w.  <\/span><\/h2>\n<\/div>\n<\/div>\n<\/div>\n<div class=\"row-main in-viewport\">\n<div class=\"col col-2-12 grid-5-12\">\n<div class=\"block block-inline\" data-lb=\"region\" data-lb-id=\"sections.1.rows.2.columns.1.regions.0\">\n<p>Zapewniamy recykling, odbi\u00f3r i utylizacj\u0119 odpad\u00f3w.<\/p>\n<\/div>\n<\/div>\n<\/div>\n\t\t\t\t\t\t\t\t<\/div>\n\t\t\t\t<\/div>\n\t\t\t\t<\/div>\n\t\t<div class=\"elementor-element elementor-element-95d771e e-con-full e-flex e-con e-child\" data-id=\"95d771e\" data-element_type=\"container\" data-e-type=\"container\">\n\t\t\t\t<div class=\"elementor-element elementor-element-203a25d elementor-widget elementor-widget-text-editor\" data-id=\"203a25d\" data-element_type=\"widget\" data-e-type=\"widget\" data-widget_type=\"text-editor.default\">\n\t\t\t\t<div class=\"elementor-widget-container\">\n\t\t\t\t\t\t\t\t\t<div class=\"row-main in-viewport\">\n<div class=\"col col-1-12 grid-12-12\">\n<div class=\"block block-inline\" data-lb=\"region\" data-lb-id=\"sections.1.rows.0.columns.0.regions.0\"> <\/div>\n<\/div>\n<\/div>\n<div class=\"row-main in-viewport\">\n<div class=\"col col-2-12 grid-5-12\">\n<div class=\"block block-inline\" data-lb=\"region\" data-lb-id=\"sections.1.rows.2.columns.1.regions.0\">\n<p>Oferta rozbi\u00f3rki:  <\/p>\n<\/div>\n<\/div>\n<div class=\"col col-7-12 grid-5-12\">\n<div class=\"block block-inline\" data-lb=\"region\" data-lb-id=\"sections.1.rows.2.columns.2.regions.0\">\n<ul>\n<li>  kominy przemys\u0142owe<\/li>\n<li>Wie\u017ce ci\u015bnie\u0144<\/li>\n<li>Budynki biurowe<\/li>\n<li>Hale  <\/li>\n<li>Niedost\u0119pne dla maszyny<\/li>\n<li>  itd.<\/li>\n<\/ul>\n<\/div>\n<\/div>\n<\/div>\n\t\t\t\t\t\t\t\t<\/div>\n\t\t\t\t<\/div>\n\t\t\t\t<\/div>\n\t\t\t\t\t<\/div>\n\t\t\t\t<\/div>\n\t\t<div class=\"elementor-element elementor-element-f9e71d5 e-flex e-con-boxed e-con e-parent\" data-id=\"f9e71d5\" data-element_type=\"container\" data-e-type=\"container\">\n\t\t\t\t\t<div class=\"e-con-inner\">\n\t\t\t\t\t<\/div>\n\t\t\t\t<\/div>\n\t\t\t\t<\/div>\n\t\t","protected":false},"excerpt":{"rendered":"<p>Prace rozbi\u00f3rkowe wykonujemy jako us\u0142ug\u0119 kompleksow\u0105. Skupiamy si\u0119 na najbardziej wymagaj\u0105cych i ryzykownych wyburzeniach wi\u0119kszych budynk\u00f3w. Zapewniamy recykling, odbi\u00f3r i utylizacj\u0119 odpad\u00f3w. Oferta rozbi\u00f3rki: kominy przemys\u0142owe Wie\u017ce ci\u015bnie\u0144 Budynki biurowe Hale Niedost\u0119pne dla maszyny itd.<\/p>\n","protected":false},"author":1,"featured_media":0,"parent":0,"menu_order":0,"comment_status":"closed","ping_status":"closed","template":"elementor_header_footer","meta":{"footnotes":""},"class_list":["post-833","page","type-page","status-publish","hentry"],"_links":{"self":[{"href":"https:\/\/www.gavyp.sk\/pl\/wp-json\/wp\/v2\/pages\/833","targetHints":{"allow":["GET"]}}],"collection":[{"href":"https:\/\/www.gavyp.sk\/pl\/wp-json\/wp\/v2\/pages"}],"about":[{"href":"https:\/\/www.gavyp.sk\/pl\/wp-json\/wp\/v2\/types\/page"}],"author":[{"embeddable":true,"href":"https:\/\/www.gavyp.sk\/pl\/wp-json\/wp\/v2\/users\/1"}],"replies":[{"embeddable":true,"href":"https:\/\/www.gavyp.sk\/pl\/wp-json\/wp\/v2\/comments?post=833"}],"version-history":[{"count":2,"href":"https:\/\/www.gavyp.sk\/pl\/wp-json\/wp\/v2\/pages\/833\/revisions"}],"predecessor-version":[{"id":951,"href":"https:\/\/www.gavyp.sk\/pl\/wp-json\/wp\/v2\/pages\/833\/revisions\/951"}],"wp:attachment":[{"href":"https:\/\/www.gavyp.sk\/pl\/wp-json\/wp\/v2\/media?parent=833"}],"curies":[{"name":"wp","href":"https:\/\/api.w.org\/{rel}","templated":true}]}}